{"id":927,"date":"2022-07-28T14:06:21","date_gmt":"2022-07-28T14:06:21","guid":{"rendered":"http:\/\/studiolebarcares.com\/?page_id=927"},"modified":"2025-03-08T16:17:56","modified_gmt":"2025-03-08T16:17:56","slug":"terms","status":"publish","type":"page","link":"https:\/\/studiolebarcares.com\/fr\/terms\/","title":{"rendered":"Terms and Conditions"},"content":{"rendered":"<div data-elementor-type=\"wp-page\" data-elementor-id=\"927\" class=\"elementor elementor-927\">\n\t\t\t\t\t\t<section class=\"elementor-section elementor-top-section elementor-element elementor-element-8ebcba7 elementor-section-height-min-height elementor-section-items-stretch elementor-section-full_width elementor-section-height-default\" data-id=\"8ebcba7\" data-element_type=\"section\" data-e-type=\"section\" data-settings=\"{&quot;background_background&quot;:&quot;classic&quot;,&quot;animation&quot;:&quot;none&quot;}\">\n\t\t\t\t\t\t\t<div class=\"elementor-background-overlay\"><\/div>\n\t\t\t\t\t\t\t<div class=\"elementor-container elementor-column-gap-default\">\n\t\t\t\t\t<div class=\"elementor-column elementor-col-100 elementor-top-column elementor-element elementor-element-85c44df\" data-id=\"85c44df\" data-element_type=\"column\" data-e-type=\"column\" data-settings=\"{&quot;background_background&quot;:&quot;classic&quot;}\">\n\t\t\t<div class=\"elementor-widget-wrap elementor-element-populated\">\n\t\t\t\t\t\t<div class=\"elementor-element elementor-element-b612801 elementor-widget elementor-widget-heading\" data-id=\"b612801\" data-element_type=\"widget\" data-e-type=\"widget\" data-widget_type=\"heading.default\">\n\t\t\t\t<div class=\"elementor-widget-container\">\n\t\t\t\t\t<h1 class=\"elementor-heading-title elementor-size-default\">Termes et conditions<\/h1>\t\t\t\t<\/div>\n\t\t\t\t<\/div>\n\t\t\t\t\t<\/div>\n\t\t<\/div>\n\t\t\t\t\t<\/div>\n\t\t<\/section>\n\t\t\t\t<section class=\"elementor-section elementor-top-section elementor-element elementor-element-e532554 elementor-section-boxed elementor-section-height-default elementor-section-height-default\" data-id=\"e532554\" data-element_type=\"section\" data-e-type=\"section\">\n\t\t\t\t\t\t\t<div class=\"elementor-background-overlay\"><\/div>\n\t\t\t\t\t\t\t<div class=\"elementor-container elementor-column-gap-default\">\n\t\t\t\t\t<div class=\"elementor-column elementor-col-100 elementor-top-column elementor-element elementor-element-e3b645b\" data-id=\"e3b645b\" data-element_type=\"column\" data-e-type=\"column\" data-settings=\"{&quot;background_background&quot;:&quot;classic&quot;}\">\n\t\t\t<div class=\"elementor-widget-wrap elementor-element-populated\">\n\t\t\t\t\t\t<div class=\"elementor-element elementor-element-e0627ad elementor-widget elementor-widget-text-editor\" data-id=\"e0627ad\" data-element_type=\"widget\" data-e-type=\"widget\" data-widget_type=\"text-editor.default\">\n\t\t\t\t<div class=\"elementor-widget-container\">\n\t\t\t\t\t\t\t\t\t<h2 data-index=\"0\">1. Information<\/h2><h3 id=\"pageContainer1\" class=\"_page_ysiwt_100\" data-index=\"0\">Arriv\u00e9e et D\u00e9part<\/h3><p class=\"_page_ysiwt_100\" data-index=\"0\">L'enregistrement se fait entre 15h00 et 19h00 le jour de l'arriv\u00e9e. Les heures d'enregistrement autres que celles sp\u00e9cifi\u00e9es doivent \u00eatre confirm\u00e9es avec nous avant l'arriv\u00e9e. Nous vous demandons de lib\u00e9rer votre chambre avant 11h00 du matin le jour de votre d\u00e9part. Un d\u00e9part plus tardif ou le stockage de vos bagages peuvent \u00eatre arrang\u00e9s pendant votre s\u00e9jour.<\/p><h3 class=\"_page_ysiwt_100\" data-index=\"0\">Parking<\/h3><p class=\"_page_ysiwt_100\" data-index=\"0\">Une place de parking est disponible sur le site. Si n\u00e9cessaire, la t\u00e9l\u00e9commande du parking (Bip) vous sera fournie \u00e0 votre arriv\u00e9e. Il y a une caution de 100\u20ac pour le Bip du parking qui vous sera rendu au moment du d\u00e9part.<\/p><h2 class=\"_page_ysiwt_100\" data-index=\"0\">2. Booking Conditions<\/h2><h3 class=\"_page_ysiwt_100\" data-index=\"0\">Confirmation de R\u00e9servation<\/h3><p class=\"_page_ysiwt_100\" data-index=\"0\">Un acompte de 30% est demand\u00e9 au moment de la r\u00e9servation par virement bancaire ou Paypal en euros (les paiements par Paypal entra\u00eenent une surcharge de 3%). Le paiement complet de votre s\u00e9jour est requis six semaines \u00e0 l'avance. Les r\u00e9servations effectu\u00e9es moins de six semaines \u00e0 l'avance doivent \u00eatre pay\u00e9es en totalit\u00e9 au moment de la r\u00e9servation.<\/p><h3 class=\"_page_ysiwt_100\" data-index=\"0\">Annulation par l'Invit\u00e9<\/h3><p class=\"_page_ysiwt_100\" data-index=\"0\">Nous sommes une petite entreprise, les annulations ont donc un impact important sur nous. Si l'annulation a lieu jusqu'\u00e0 six semaines avant la date d'arriv\u00e9e pr\u00e9vue, nous tenterons de trouver une nouvelle r\u00e9servation et, si nous y parvenons, nous vous restituerons votre acompte ou votre paiement int\u00e9gral. Si vous annulez votre r\u00e9servation dans les six semaines pr\u00e9c\u00e9dant la date d'arriv\u00e9e pr\u00e9vue, vous serez redevable de la totalit\u00e9 du prix de la r\u00e9servation. Nous vous conseillons de souscrire une assurance vacances pour parer \u00e0 cette \u00e9ventualit\u00e9. Il est tr\u00e8s difficile pour nous de trouver des r\u00e9servations \u00e0 court terme et il se peut que nous ayons refus\u00e9 des clients pour pouvoir vous accueillir.<\/p><h3 class=\"_page_ysiwt_100\" data-index=\"0\">Annulation par Nous<\/h3><p class=\"_page_ysiwt_100\" data-index=\"0\">S'il s'av\u00e8re n\u00e9cessaire d'annuler une r\u00e9servation, nous vous contacterons imm\u00e9diatement. Tout paiement effectu\u00e9 sera rembours\u00e9 dans son int\u00e9gralit\u00e9 et nous ferons de notre mieux pour vous aider \u00e0 trouver un logement dans la r\u00e9gion. Notre responsabilit\u00e9 ne s'\u00e9tend pas au-del\u00e0 de ces conditions.<\/p><h3 class=\"_page_ysiwt_100\" data-index=\"0\">D\u00e9p\u00f4t de Garantie<\/h3><p class=\"_page_ysiwt_100\" data-index=\"0\">Une caution de 100 \u20ac est demand\u00e9e en esp\u00e8ces ou par ch\u00e8que au moment de la r\u00e9servation. Elle sera restitu\u00e9e au moment du d\u00e9part, sauf en cas de dommages importants ou de nettoyage exceptionnel.<\/p><h3 class=\"_page_ysiwt_100\" data-index=\"0\">Nettoyage<\/h3><p class=\"_page_ysiwt_100\" data-index=\"0\">La propri\u00e9t\u00e9 sera propre, les lits et les serviettes seront fournis avant votre arriv\u00e9e. Veuillez ne pas utiliser les serviettes fournies pour la plage ou la piscine. La propri\u00e9t\u00e9 doit \u00eatre laiss\u00e9e propre et en ordre, avec le r\u00e9frig\u00e9rateur, les poubelles et le recyclage vid\u00e9s.\u00a0 Un panier sera fourni pour les serviettes. Il n'est pas n\u00e9cessaire de d\u00e9faire les lits.<\/p><h3 class=\"_page_ysiwt_100\" data-index=\"0\">D\u00e9placer votre S\u00e9jour<\/h3><p class=\"_page_ysiwt_100\" data-index=\"0\">Votre r\u00e9servation est confirm\u00e9e une fois que vous avez pay\u00e9 votre acompte non remboursable. Si vous souhaitez modifier la date de votre s\u00e9jour, vous devez nous en informer par \u00e9crit. Les changements de date se feront \u00e0 notre discr\u00e9tion et en fonction des disponibilit\u00e9s. Vous ne pourrez consid\u00e9rer votre date comme chang\u00e9e que lorsque vous aurez re\u00e7u une confirmation \u00e9crite de notre part.<\/p>\t\t\t\t\t\t\t\t<\/div>\n\t\t\t\t<\/div>\n\t\t\t\t\t<\/div>\n\t\t<\/div>\n\t\t\t\t\t<\/div>\n\t\t<\/section>\n\t\t\t\t<section class=\"elementor-section elementor-top-section elementor-element elementor-element-c9ab1a4 elementor-section-boxed elementor-section-height-default elementor-section-height-default\" data-id=\"c9ab1a4\" data-element_type=\"section\" data-e-type=\"section\">\n\t\t\t\t\t\t\t<div class=\"elementor-background-overlay\"><\/div>\n\t\t\t\t\t\t\t<div class=\"elementor-container elementor-column-gap-default\">\n\t\t\t\t\t<div class=\"elementor-column elementor-col-100 elementor-top-column elementor-element elementor-element-d279069\" data-id=\"d279069\" data-element_type=\"column\" data-e-type=\"column\" data-settings=\"{&quot;background_background&quot;:&quot;classic&quot;}\">\n\t\t\t<div class=\"elementor-widget-wrap elementor-element-populated\">\n\t\t\t\t\t\t<div class=\"elementor-element elementor-element-631a1c3 elementor-widget elementor-widget-text-editor\" data-id=\"631a1c3\" data-element_type=\"widget\" data-e-type=\"widget\" data-widget_type=\"text-editor.default\">\n\t\t\t\t<div class=\"elementor-widget-container\">\n\t\t\t\t\t\t\t\t\t<h2>Donn\u00e9es<\/h2><p>Certaines des donn\u00e9es recueillies au cours d'une r\u00e9servation peuvent \u00eatre conserv\u00e9es sur ordinateur. Nous n'envoyons pas d'e-mails ou d'offres publicitaires, sauf si vous souhaitez les recevoir. Les donn\u00e9es sont conserv\u00e9es \u00e0 des fins comptables.<\/p><h3>Politique de R\u00e9siliation<\/h3><p>Nous nous r\u00e9servons le droit, \u00e0 notre discr\u00e9tion, de mettre fin, sans pr\u00e9avis, au s\u00e9jour d'une personne lorsque cela est jug\u00e9 n\u00e9cessaire en raison d'un comportement inacceptable ou d'actions susceptibles de mettre en danger ou d'offenser d'autres personnes. Dans de telles circonstances, tout compte impay\u00e9 doit \u00eatre r\u00e9gl\u00e9, aucun remboursement ne sera effectu\u00e9. Nous nous r\u00e9servons le droit de modifier ces termes et conditions \u00e0 tout moment. Vous reconnaissez et acceptez que tous les droits de propri\u00e9t\u00e9 intellectuelle (y compris, mais sans s'y limiter, les droits d'auteur (y compris les droits sur les logiciels), les marques, les droits sur les bases de donn\u00e9es, les brevets et les inventions) relatifs au service sont notre propri\u00e9t\u00e9 et celle de nos conc\u00e9dants ou de nos contractants. Aucune disposition du pr\u00e9sent accord n'a pour effet de vous transf\u00e9rer ces droits de propri\u00e9t\u00e9 intellectuelle. Nous nous r\u00e9servons le droit de c\u00e9der ou de sous-traiter l'un de nos droits et obligations en vertu du pr\u00e9sent contrat sans vous en informer. Si une disposition de cet accord est jug\u00e9e inapplicable par un tribunal de la juridiction comp\u00e9tente, les autres dispositions resteront n\u00e9anmoins en vigueur et de plein effet.<\/p>\t\t\t\t\t\t\t\t<\/div>\n\t\t\t\t<\/div>\n\t\t\t\t\t<\/div>\n\t\t<\/div>\n\t\t\t\t\t<\/div>\n\t\t<\/section>\n\t\t\t\t<\/div>","protected":false},"excerpt":{"rendered":"<p>Terms &amp; Conditions 1. Information Arrival and Departure Check in is between 3pm and 7pm on the day of arrival. Check-in times outside of those specified must be confirmed with us prior to arrival. We ask that you please vacate your room by 11am on the morning of departure. A later check out, or storage&#8230;<\/p>","protected":false},"author":1,"featured_media":702,"parent":0,"menu_order":0,"comment_status":"closed","ping_status":"closed","template":"","meta":{"ngg_post_thumbnail":0,"_kad_post_transparent":"","_kad_post_title":"hide","_kad_post_layout":"fullwidth","_kad_post_sidebar_id":"","_kad_post_content_style":"unboxed","_kad_post_vertical_padding":"hide","_kad_post_feature":"hide","_kad_post_feature_position":"","_kad_post_header":false,"_kad_post_footer":false,"footnotes":""},"class_list":["post-927","page","type-page","status-publish","has-post-thumbnail","hentry"],"yoast_head":"<!-- This site is optimized with the Yoast SEO plugin v27.5 - https:\/\/yoast.com\/product\/yoast-seo-wordpress\/ -->\n<title>Studio le Barcar\u00e8s - Terms and Conditions<\/title>\n<meta name=\"description\" content=\"Studio Le Barcar\u00e8s is a ground floor studio situated just meters from a beautiful sandy beach, with everything you need located nearby.\" \/>\n<meta name=\"robots\" content=\"index, follow, max-snippet:-1, max-image-preview:large, max-video-preview:-1\" \/>\n<link rel=\"canonical\" href=\"https:\/\/studiolebarcares.com\/fr\/terms\/\" \/>\n<meta property=\"og:locale\" content=\"fr_FR\" \/>\n<meta property=\"og:type\" content=\"article\" \/>\n<meta property=\"og:title\" content=\"Studio le Barcar\u00e8s - Terms and Conditions\" \/>\n<meta property=\"og:description\" content=\"Studio Le Barcar\u00e8s is a ground floor studio situated just meters from a beautiful sandy beach, with everything you need located nearby.\" \/>\n<meta property=\"og:url\" content=\"https:\/\/studiolebarcares.com\/fr\/terms\/\" \/>\n<meta property=\"og:site_name\" content=\"Studio Le Barcares\" \/>\n<meta property=\"article:publisher\" content=\"https:\/\/www.facebook.com\/StudioLeBarcares\" \/>\n<meta property=\"article:modified_time\" content=\"2025-03-08T16:17:56+00:00\" \/>\n<meta property=\"og:image\" content=\"https:\/\/studiolebarcares.com\/wp-content\/uploads\/2022\/07\/studio-le-barcare\u0300s7.jpg\" \/>\n\t<meta property=\"og:image:width\" content=\"1400\" \/>\n\t<meta property=\"og:image:height\" content=\"1050\" \/>\n\t<meta property=\"og:image:type\" content=\"image\/jpeg\" \/>\n<meta name=\"twitter:card\" content=\"summary_large_image\" \/>\n<meta name=\"twitter:label1\" content=\"Dur\u00e9e de lecture estim\u00e9e\" \/>\n\t<meta name=\"twitter:data1\" content=\"3 minutes\" \/>\n<script type=\"application\/ld+json\" class=\"yoast-schema-graph\">{\"@context\":\"https:\\\/\\\/schema.org\",\"@graph\":[{\"@type\":\"WebPage\",\"@id\":\"https:\\\/\\\/studiolebarcares.com\\\/terms\\\/\",\"url\":\"https:\\\/\\\/studiolebarcares.com\\\/terms\\\/\",\"name\":\"Studio le Barcar\u00e8s - Terms and Conditions\",\"isPartOf\":{\"@id\":\"https:\\\/\\\/studiolebarcares.com\\\/#website\"},\"primaryImageOfPage\":{\"@id\":\"https:\\\/\\\/studiolebarcares.com\\\/terms\\\/#primaryimage\"},\"image\":{\"@id\":\"https:\\\/\\\/studiolebarcares.com\\\/terms\\\/#primaryimage\"},\"thumbnailUrl\":\"https:\\\/\\\/studiolebarcares.com\\\/wp-content\\\/uploads\\\/2022\\\/07\\\/studio-le-barcare\u0300s7.jpg\",\"datePublished\":\"2022-07-28T14:06:21+00:00\",\"dateModified\":\"2025-03-08T16:17:56+00:00\",\"description\":\"Studio Le Barcar\u00e8s is a ground floor studio situated just meters from a beautiful sandy beach, with everything you need located nearby.\",\"breadcrumb\":{\"@id\":\"https:\\\/\\\/studiolebarcares.com\\\/terms\\\/#breadcrumb\"},\"inLanguage\":\"fr-FR\",\"potentialAction\":[{\"@type\":\"ReadAction\",\"target\":[\"https:\\\/\\\/studiolebarcares.com\\\/terms\\\/\"]}]},{\"@type\":\"ImageObject\",\"inLanguage\":\"fr-FR\",\"@id\":\"https:\\\/\\\/studiolebarcares.com\\\/terms\\\/#primaryimage\",\"url\":\"https:\\\/\\\/studiolebarcares.com\\\/wp-content\\\/uploads\\\/2022\\\/07\\\/studio-le-barcare\u0300s7.jpg\",\"contentUrl\":\"https:\\\/\\\/studiolebarcares.com\\\/wp-content\\\/uploads\\\/2022\\\/07\\\/studio-le-barcare\u0300s7.jpg\",\"width\":1400,\"height\":1050,\"caption\":\"studio le barcare\u0300s7\"},{\"@type\":\"BreadcrumbList\",\"@id\":\"https:\\\/\\\/studiolebarcares.com\\\/terms\\\/#breadcrumb\",\"itemListElement\":[{\"@type\":\"ListItem\",\"position\":1,\"name\":\"Home\",\"item\":\"https:\\\/\\\/studiolebarcares.com\\\/\"},{\"@type\":\"ListItem\",\"position\":2,\"name\":\"Terms and Conditions\"}]},{\"@type\":\"WebSite\",\"@id\":\"https:\\\/\\\/studiolebarcares.com\\\/#website\",\"url\":\"https:\\\/\\\/studiolebarcares.com\\\/\",\"name\":\"Studio Le Barcares\",\"description\":\"Studio \u00e0 louer\",\"publisher\":{\"@id\":\"https:\\\/\\\/studiolebarcares.com\\\/#organization\"},\"potentialAction\":[{\"@type\":\"SearchAction\",\"target\":{\"@type\":\"EntryPoint\",\"urlTemplate\":\"https:\\\/\\\/studiolebarcares.com\\\/?s={search_term_string}\"},\"query-input\":{\"@type\":\"PropertyValueSpecification\",\"valueRequired\":true,\"valueName\":\"search_term_string\"}}],\"inLanguage\":\"fr-FR\"},{\"@type\":\"Organization\",\"@id\":\"https:\\\/\\\/studiolebarcares.com\\\/#organization\",\"name\":\"Studio le Barcares\",\"url\":\"https:\\\/\\\/studiolebarcares.com\\\/\",\"logo\":{\"@type\":\"ImageObject\",\"inLanguage\":\"fr-FR\",\"@id\":\"https:\\\/\\\/studiolebarcares.com\\\/#\\\/schema\\\/logo\\\/image\\\/\",\"url\":\"http:\\\/\\\/studiolebarcares.com\\\/wp-content\\\/uploads\\\/2022\\\/07\\\/Le-Barcare\u0300s-logo-blue.png\",\"contentUrl\":\"http:\\\/\\\/studiolebarcares.com\\\/wp-content\\\/uploads\\\/2022\\\/07\\\/Le-Barcare\u0300s-logo-blue.png\",\"width\":500,\"height\":500,\"caption\":\"Studio le Barcares\"},\"image\":{\"@id\":\"https:\\\/\\\/studiolebarcares.com\\\/#\\\/schema\\\/logo\\\/image\\\/\"},\"sameAs\":[\"https:\\\/\\\/www.facebook.com\\\/StudioLeBarcares\",\"https:\\\/\\\/www.instagram.com\\\/studiolebarcares\\\/\"]}]}<\/script>\n<!-- \/ Yoast SEO plugin. -->","yoast_head_json":{"title":"Studio le Barcar\u00e8s - Terms and Conditions","description":"Studio Le Barcar\u00e8s is a ground floor studio situated just meters from a beautiful sandy beach, with everything you need located nearby.","robots":{"index":"index","follow":"follow","max-snippet":"max-snippet:-1","max-image-preview":"max-image-preview:large","max-video-preview":"max-video-preview:-1"},"canonical":"https:\/\/studiolebarcares.com\/fr\/terms\/","og_locale":"fr_FR","og_type":"article","og_title":"Studio le Barcar\u00e8s - Terms and Conditions","og_description":"Studio Le Barcar\u00e8s is a ground floor studio situated just meters from a beautiful sandy beach, with everything you need located nearby.","og_url":"https:\/\/studiolebarcares.com\/fr\/terms\/","og_site_name":"Studio Le Barcares","article_publisher":"https:\/\/www.facebook.com\/StudioLeBarcares","article_modified_time":"2025-03-08T16:17:56+00:00","og_image":[{"width":1400,"height":1050,"url":"https:\/\/studiolebarcares.com\/wp-content\/uploads\/2022\/07\/studio-le-barcare\u0300s7.jpg","type":"image\/jpeg"}],"twitter_card":"summary_large_image","twitter_misc":{"Dur\u00e9e de lecture estim\u00e9e":"3 minutes"},"schema":{"@context":"https:\/\/schema.org","@graph":[{"@type":"WebPage","@id":"https:\/\/studiolebarcares.com\/terms\/","url":"https:\/\/studiolebarcares.com\/terms\/","name":"Studio le Barcar\u00e8s - Terms and Conditions","isPartOf":{"@id":"https:\/\/studiolebarcares.com\/#website"},"primaryImageOfPage":{"@id":"https:\/\/studiolebarcares.com\/terms\/#primaryimage"},"image":{"@id":"https:\/\/studiolebarcares.com\/terms\/#primaryimage"},"thumbnailUrl":"https:\/\/studiolebarcares.com\/wp-content\/uploads\/2022\/07\/studio-le-barcare\u0300s7.jpg","datePublished":"2022-07-28T14:06:21+00:00","dateModified":"2025-03-08T16:17:56+00:00","description":"Studio Le Barcar\u00e8s is a ground floor studio situated just meters from a beautiful sandy beach, with everything you need located nearby.","breadcrumb":{"@id":"https:\/\/studiolebarcares.com\/terms\/#breadcrumb"},"inLanguage":"fr-FR","potentialAction":[{"@type":"ReadAction","target":["https:\/\/studiolebarcares.com\/terms\/"]}]},{"@type":"ImageObject","inLanguage":"fr-FR","@id":"https:\/\/studiolebarcares.com\/terms\/#primaryimage","url":"https:\/\/studiolebarcares.com\/wp-content\/uploads\/2022\/07\/studio-le-barcare\u0300s7.jpg","contentUrl":"https:\/\/studiolebarcares.com\/wp-content\/uploads\/2022\/07\/studio-le-barcare\u0300s7.jpg","width":1400,"height":1050,"caption":"studio le barcare\u0300s7"},{"@type":"BreadcrumbList","@id":"https:\/\/studiolebarcares.com\/terms\/#breadcrumb","itemListElement":[{"@type":"ListItem","position":1,"name":"Home","item":"https:\/\/studiolebarcares.com\/"},{"@type":"ListItem","position":2,"name":"Terms and Conditions"}]},{"@type":"WebSite","@id":"https:\/\/studiolebarcares.com\/#website","url":"https:\/\/studiolebarcares.com\/","name":"Studio Le Barcares","description":"Studio \u00e0 louer","publisher":{"@id":"https:\/\/studiolebarcares.com\/#organization"},"potentialAction":[{"@type":"SearchAction","target":{"@type":"EntryPoint","urlTemplate":"https:\/\/studiolebarcares.com\/?s={search_term_string}"},"query-input":{"@type":"PropertyValueSpecification","valueRequired":true,"valueName":"search_term_string"}}],"inLanguage":"fr-FR"},{"@type":"Organization","@id":"https:\/\/studiolebarcares.com\/#organization","name":"Studio le Barcares","url":"https:\/\/studiolebarcares.com\/","logo":{"@type":"ImageObject","inLanguage":"fr-FR","@id":"https:\/\/studiolebarcares.com\/#\/schema\/logo\/image\/","url":"http:\/\/studiolebarcares.com\/wp-content\/uploads\/2022\/07\/Le-Barcare\u0300s-logo-blue.png","contentUrl":"http:\/\/studiolebarcares.com\/wp-content\/uploads\/2022\/07\/Le-Barcare\u0300s-logo-blue.png","width":500,"height":500,"caption":"Studio le Barcares"},"image":{"@id":"https:\/\/studiolebarcares.com\/#\/schema\/logo\/image\/"},"sameAs":["https:\/\/www.facebook.com\/StudioLeBarcares","https:\/\/www.instagram.com\/studiolebarcares\/"]}]}},"_links":{"self":[{"href":"https:\/\/studiolebarcares.com\/fr\/wp-json\/wp\/v2\/pages\/927","targetHints":{"allow":["GET"]}}],"collection":[{"href":"https:\/\/studiolebarcares.com\/fr\/wp-json\/wp\/v2\/pages"}],"about":[{"href":"https:\/\/studiolebarcares.com\/fr\/wp-json\/wp\/v2\/types\/page"}],"author":[{"embeddable":true,"href":"https:\/\/studiolebarcares.com\/fr\/wp-json\/wp\/v2\/users\/1"}],"replies":[{"embeddable":true,"href":"https:\/\/studiolebarcares.com\/fr\/wp-json\/wp\/v2\/comments?post=927"}],"version-history":[{"count":5,"href":"https:\/\/studiolebarcares.com\/fr\/wp-json\/wp\/v2\/pages\/927\/revisions"}],"predecessor-version":[{"id":1589,"href":"https:\/\/studiolebarcares.com\/fr\/wp-json\/wp\/v2\/pages\/927\/revisions\/1589"}],"wp:featuredmedia":[{"embeddable":true,"href":"https:\/\/studiolebarcares.com\/fr\/wp-json\/wp\/v2\/media\/702"}],"wp:attachment":[{"href":"https:\/\/studiolebarcares.com\/fr\/wp-json\/wp\/v2\/media?parent=927"}],"curies":[{"name":"wp","href":"https:\/\/api.w.org\/{rel}","templated":true}]}}